{"id":128,"date":"2013-11-19T18:10:22","date_gmt":"2013-11-19T16:10:22","guid":{"rendered":"http:\/\/www.klimakuehn.de\/\/?page_id=128"},"modified":"2014-04-14T12:06:01","modified_gmt":"2014-04-14T10:06:01","slug":"waermepumpen-2","status":"publish","type":"page","link":"https:\/\/www.klimakuehn.de\/?page_id=128","title":{"rendered":"W\u00e4rmepumpen"},"content":{"rendered":"<h2>Heizen mit Geothermie und Umweltw\u00e4rme!<\/h2>\n<p><img loading=\"lazy\" class=\"size-full wp-image-129 alignright\" alt=\"funktionsschema\" src=\"http:\/\/www.klimakuehn.de\/\/wp-content\/uploads\/2013\/11\/funktionsschema.jpg\" width=\"250\" height=\"243\" \/>Die W\u00e4rmepumpen-Heizung macht es m\u00f6glich. Sie heizt unabh\u00e4ngig von Tages- und Jahreszeit mit sehr viel kostenloser Geothermie und Umweltw\u00e4rme, gespeichert in Erde, Wasser oder Luft.<\/p>\n<p>Mit 75 % kostenloser Geothermie und Umweltw\u00e4rme und 25 % Antriebsenergie k\u00f6nnen Sie 100 % Heizw\u00e4rme erzeugen. So schonen Sie Ihren Geldbeutel und Ihren Lebensraum!<\/p>\n<p>Die W\u00e4rmepumpe arbeitet im Prinzip wie ein K\u00fchlschrank: Gleiche Technik, umgekehrter Nutzen. Der K\u00fchlschrank entzieht Lebensmitteln W\u00e4rme, die W\u00e4rmepumpe entzieht einer &#8222;kalten&#8220; Umgebung W\u00e4rme und bringt diese W\u00e4rme auf ein Temperaturniveau, das v\u00f6llig ausreicht, damit Sie Ihr Haus komfortabel beheizen k\u00f6nnen.<\/p>\n<p><strong>Wie ist das m\u00f6glich?<\/strong><\/p>\n<p>In der W\u00e4rmepumpe befindet sich ein geschlossenes Rohrsystem. In diesem zirkuliert ein sogenanntes Arbeitsmittel, dass nacheinander verdampft, verdichtet, verfl\u00fcssigt und entspannt wird. W\u00e4hrend dieser Zustands\u00e4nderungen wird W\u00e4rme frei, die an das Heizwasser abgegeben wird. In Gang gehalten wird der sich st\u00e4ndig wiederholende Prozess durch einen Motor, der einen Verdichter antreibt.<\/p>\n<p><strong>Wie nutzt die W\u00e4rmepumpe Sonnenenergie?<\/strong><\/p>\n<p><img loading=\"lazy\" class=\"size-full wp-image-130 alignleft\" alt=\"prinzip\" src=\"http:\/\/www.klimakuehn.de\/\/wp-content\/uploads\/2013\/11\/prinzip.jpg\" width=\"255\" height=\"252\" \/>Die W\u00e4rmepumpe ist nur indirekt auf Sonnenenergie angewiesen. Sie heizt mit gespeicherter Sonnenw\u00e4rme aus der Umwelt und mit Erdw\u00e4rme.<br \/>\nEs gibt drei bzw. vier M\u00f6glichkeiten, um eine W\u00e4rmepumpe mit W\u00e4rmeenergie zu versorgen. Jede dieser drei W\u00e4rmequellen verf\u00fcgt \u00fcber ausreichend W\u00e4rmeinhalt, damit der W\u00e4rmepumpenprozess stattfinden und so aus W\u00e4rme niedriger Temperatur, W\u00e4rme h\u00f6herer Temperatur werden kann:<\/p>\n<p>W\u00e4rmequelle Grundwasser<br \/>\nW\u00e4rmequelle Erdw\u00e4rme Direkterw\u00e4rmung<br \/>\nW\u00e4rmequelle Erdw\u00e4rme Sole<br \/>\nW\u00e4rmequelle Au\u00dfenluft<\/p>\n<p>Das tolle bei der W\u00e4rmepumpe ist, dass es f\u00fcr jeden Anwendungsfall die passende W\u00e4rmepumpe gibt. Welche W\u00e4rmequelle die ideale ist, dass entscheidet unser W\u00e4rmepumpen-Installateur gemeinsam mit Ihnen, z. B. anhand des erforderlichen W\u00e4rmebedarfs, den M\u00f6glichkeiten vor Ort und nat\u00fcrlich nach Ihren individuellen W\u00fcnschen.<\/p>\n","protected":false},"excerpt":{"rendered":"<p>Heizen mit Geothermie und Umweltw\u00e4rme! Die W\u00e4rmepumpen-Heizung macht es m\u00f6glich&#8230;.<\/p>\n","protected":false},"author":5,"featured_media":0,"parent":0,"menu_order":0,"comment_status":"open","ping_status":"open","template":"","meta":[],"aioseo_notices":[],"_links":{"self":[{"href":"https:\/\/www.klimakuehn.de\/index.php?rest_route=\/wp\/v2\/pages\/128"}],"collection":[{"href":"https:\/\/www.klimakuehn.de\/index.php?rest_route=\/wp\/v2\/pages"}],"about":[{"href":"https:\/\/www.klimakuehn.de\/index.php?rest_route=\/wp\/v2\/types\/page"}],"author":[{"embeddable":true,"href":"https:\/\/www.klimakuehn.de\/index.php?rest_route=\/wp\/v2\/users\/5"}],"replies":[{"embeddable":true,"href":"https:\/\/www.klimakuehn.de\/index.php?rest_route=%2Fwp%2Fv2%2Fcomments&post=128"}],"version-history":[{"count":6,"href":"https:\/\/www.klimakuehn.de\/index.php?rest_route=\/wp\/v2\/pages\/128\/revisions"}],"predecessor-version":[{"id":271,"href":"https:\/\/www.klimakuehn.de\/index.php?rest_route=\/wp\/v2\/pages\/128\/revisions\/271"}],"wp:attachment":[{"href":"https:\/\/www.klimakuehn.de\/index.php?rest_route=%2Fwp%2Fv2%2Fmedia&parent=128"}],"curies":[{"name":"wp","href":"https:\/\/api.w.org\/{rel}","templated":true}]}}