{"id":136,"date":"2013-11-19T18:18:10","date_gmt":"2013-11-19T16:18:10","guid":{"rendered":"http:\/\/www.klimakuehn.de\/\/?page_id=136"},"modified":"2014-04-10T15:00:48","modified_gmt":"2014-04-10T13:00:48","slug":"wasser","status":"publish","type":"page","link":"https:\/\/www.klimakuehn.de\/?page_id=136","title":{"rendered":"Wasser"},"content":{"rendered":"<h2>W\u00e4rmequelle (Grund-) Wasser<\/h2>\n<p><img loading=\"lazy\" class=\"size-full wp-image-137 alignright\" alt=\"wq-wasser\" src=\"http:\/\/www.klimakuehn.de\/\/wp-content\/uploads\/2013\/11\/wq-wasser.jpg\" width=\"283\" height=\"263\" \/>Die effektivere W\u00e4rmequelle f\u00fcr Umweltw\u00e4rme ist Grundwasser, sofern dieses in geeigneter Qualit\u00e4t und Tiefe vorhanden ist. Eine konstante Temperatur von +8\u00b0C bis +12\u00b0C pr\u00e4destiniert den Energietr\u00e4ger Grundwasser f\u00fcr die Ganzjahresheizung zu niedrigsten Betriebskosten. Die hohen Jahresarbeitszahlen (Wirkungsgrade) dieser W\u00e4rmequelle sind unerreicht. Dabei wird das Grundwasser vom F\u00f6rderbrunnen zur W\u00e4rmepumpe und von dort in den zirka 15 Meter entfernten Schluckbrunnen gef\u00fchrt.<\/p>\n<p><strong>Genehmigung<\/strong><\/p>\n<p>Das Vorhaben muss in Deutschland von der zust\u00e4ndigen Beh\u00f6rde (Landratsamt) genehmigt werden.<br \/>\nDie Zustimmung kann an bestimmte Auflagen gebunden sein. Soweit f\u00fcr Geb\u00e4ude ein Anschluss- und Benutzungszwang an eine \u00f6ffentliche Wasserversorgung besteht, ist eine Genehmigung der Grundwassernutzung als W\u00e4rmequelle durch die Gemeinde erforderlich.<\/p>\n<p>Au\u00dfer in Wasserschutzgebieten ist die Nutzung von Grundwasser grunds\u00e4tzlich \u00fcberall erlaubt.<\/p>\n","protected":false},"excerpt":{"rendered":"<p>W\u00e4rmequelle (Grund-) Wasser Die effektivere W\u00e4rmequelle f\u00fcr Umweltw\u00e4rme ist Grundwasser,&#8230;<\/p>\n","protected":false},"author":5,"featured_media":0,"parent":128,"menu_order":1,"comment_status":"open","ping_status":"open","template":"","meta":[],"aioseo_notices":[],"_links":{"self":[{"href":"https:\/\/www.klimakuehn.de\/index.php?rest_route=\/wp\/v2\/pages\/136"}],"collection":[{"href":"https:\/\/www.klimakuehn.de\/index.php?rest_route=\/wp\/v2\/pages"}],"about":[{"href":"https:\/\/www.klimakuehn.de\/index.php?rest_route=\/wp\/v2\/types\/page"}],"author":[{"embeddable":true,"href":"https:\/\/www.klimakuehn.de\/index.php?rest_route=\/wp\/v2\/users\/5"}],"replies":[{"embeddable":true,"href":"https:\/\/www.klimakuehn.de\/index.php?rest_route=%2Fwp%2Fv2%2Fcomments&post=136"}],"version-history":[{"count":2,"href":"https:\/\/www.klimakuehn.de\/index.php?rest_route=\/wp\/v2\/pages\/136\/revisions"}],"predecessor-version":[{"id":237,"href":"https:\/\/www.klimakuehn.de\/index.php?rest_route=\/wp\/v2\/pages\/136\/revisions\/237"}],"up":[{"embeddable":true,"href":"https:\/\/www.klimakuehn.de\/index.php?rest_route=\/wp\/v2\/pages\/128"}],"wp:attachment":[{"href":"https:\/\/www.klimakuehn.de\/index.php?rest_route=%2Fwp%2Fv2%2Fmedia&parent=136"}],"curies":[{"name":"wp","href":"https:\/\/api.w.org\/{rel}","templated":true}]}}