{"id":140,"date":"2013-11-19T18:22:07","date_gmt":"2013-11-19T16:22:07","guid":{"rendered":"http:\/\/www.klimakuehn.de\/\/?page_id=140"},"modified":"2014-04-10T15:01:52","modified_gmt":"2014-04-10T13:01:52","slug":"erdwaerme-direkterwaermung","status":"publish","type":"page","link":"https:\/\/www.klimakuehn.de\/?page_id=140","title":{"rendered":"Erdw\u00e4rme Direkterw\u00e4rmung"},"content":{"rendered":"<h2>W\u00e4rmequelle Erdw\u00e4rme Direkterw\u00e4rmung<\/h2>\n<p><img loading=\"lazy\" class=\"size-full wp-image-141 alignright\" alt=\"erdkollektor\" src=\"http:\/\/www.klimakuehn.de\/\/wp-content\/uploads\/2013\/11\/erdkollektor.jpg\" width=\"283\" height=\"310\" srcset=\"https:\/\/www.klimakuehn.de\/wp-content\/uploads\/2013\/11\/erdkollektor.jpg 283w, https:\/\/www.klimakuehn.de\/wp-content\/uploads\/2013\/11\/erdkollektor-273x300.jpg 273w\" sizes=\"(max-width: 283px) 100vw, 283px\" \/>Umweltw\u00e4rme ist im Erdreich als Erdw\u00e4rme vorhanden und wird in Form von Sonneneinstrahlung oder indirekt in Form von W\u00e4rme aus Regen und Luft aufgenommen.<\/p>\n<p>Der Flachkollektor des Erdw\u00e4rmesystems stellt einen besonders wirkungsvollen Sonnenkollektor dar: Er liefert auch nachts und im Winter W\u00e4rme. Das Erdreich dient dabei als nat\u00fcrliche Speichermasse, welche bei kompetenter Planung weit \u00fcber die Heizperiode hin ausreicht.<\/p>\n<p>Die Verlegetiefe\u00a0 liegt bei 100 bis 120 cm, das hei\u00dft ca. 20 cm unter der Frostgrenze. Die Temperatur unterhalb der Frostgrenze ist relativ konstant und betr\u00e4gt das ganze Jahr \u00fcber zwischen 8 und 12 \u00b0C. Bei Direkterw\u00e4rmung zirkuliert das Arbeitsmittel der W\u00e4rmepumpe als W\u00e4rmetr\u00e4germedium im Erdkollektor (Direktverdampfung. Zwischenw\u00e4rmetauscher und Soleumw\u00e4lzpumpen entfallen. Daher ist das System besonders wirtschaftlich und betriebssicher. Der Erdkollektor besteht aus dickwandige, nahtlosen Kupferrohren mit Kunststoff-Ummantelung. Das gibt Sicherheit.<\/p>\n<p><strong>Genehmigung<\/strong><\/p>\n<p>Bei Planung und Bau von erdgekoppelten W\u00e4rmepumpen sind in Deutschland die Bestimmungen des Wasserhaushaltsgesetzes (WHG) und die wasserrechtlichen Regelungen bzw. die Wassergesetze der L\u00e4nder zu beachten.<\/p>\n<p>Werden Erdw\u00e4rmesonden oder Energiek\u00f6rbe eingesetzt, kann je nach Bundesland und Bodenbeschaffenheit ein Genehmigungsverfahren erforderlich sein. Au\u00dfer in Wasserschutzgebieten ist der Einsatz von Erdw\u00e4rmesonden grunds\u00e4tzlich \u00fcberall erlaubt. Dienen Erdw\u00e4rmekollektoren als W\u00e4rmequelle, gen\u00fcgt meist eine Anzeige bei der zust\u00e4ndigen Kreisverwaltungsbeh\u00f6rde. Der geschulte W\u00e4rmepumpen-Installateur wei\u00df, was zu tun ist.<\/p>\n","protected":false},"excerpt":{"rendered":"<p>W\u00e4rmequelle Erdw\u00e4rme Direkterw\u00e4rmung Umweltw\u00e4rme ist im Erdreich als Erdw\u00e4rme vorhanden&#8230;<\/p>\n","protected":false},"author":5,"featured_media":0,"parent":128,"menu_order":2,"comment_status":"open","ping_status":"open","template":"","meta":[],"aioseo_notices":[],"_links":{"self":[{"href":"https:\/\/www.klimakuehn.de\/index.php?rest_route=\/wp\/v2\/pages\/140"}],"collection":[{"href":"https:\/\/www.klimakuehn.de\/index.php?rest_route=\/wp\/v2\/pages"}],"about":[{"href":"https:\/\/www.klimakuehn.de\/index.php?rest_route=\/wp\/v2\/types\/page"}],"author":[{"embeddable":true,"href":"https:\/\/www.klimakuehn.de\/index.php?rest_route=\/wp\/v2\/users\/5"}],"replies":[{"embeddable":true,"href":"https:\/\/www.klimakuehn.de\/index.php?rest_route=%2Fwp%2Fv2%2Fcomments&post=140"}],"version-history":[{"count":2,"href":"https:\/\/www.klimakuehn.de\/index.php?rest_route=\/wp\/v2\/pages\/140\/revisions"}],"predecessor-version":[{"id":238,"href":"https:\/\/www.klimakuehn.de\/index.php?rest_route=\/wp\/v2\/pages\/140\/revisions\/238"}],"up":[{"embeddable":true,"href":"https:\/\/www.klimakuehn.de\/index.php?rest_route=\/wp\/v2\/pages\/128"}],"wp:attachment":[{"href":"https:\/\/www.klimakuehn.de\/index.php?rest_route=%2Fwp%2Fv2%2Fmedia&parent=140"}],"curies":[{"name":"wp","href":"https:\/\/api.w.org\/{rel}","templated":true}]}}