{"id":148,"date":"2013-11-19T18:29:47","date_gmt":"2013-11-19T16:29:47","guid":{"rendered":"http:\/\/www.klimakuehn.de\/\/?page_id=148"},"modified":"2013-11-19T18:31:03","modified_gmt":"2013-11-19T16:31:03","slug":"aussenluft","status":"publish","type":"page","link":"https:\/\/www.klimakuehn.de\/?page_id=148","title":{"rendered":"Au\u00dfenluft"},"content":{"rendered":"<h2>W\u00e4rmequelle Luftluft-split<\/h2>\n<p><img loading=\"lazy\" class=\"size-full wp-image-149 alignright\" alt=\"luft-split\" src=\"http:\/\/www.klimakuehn.de\/\/wp-content\/uploads\/2013\/11\/luft-split.jpg\" width=\"283\" height=\"258\" \/>Luft gibt es \u00fcberall. Sie kann als W\u00e4rmequelle ohne gro\u00dfen baulichen Aufwand erschlossen werden. Ventilatoren f\u00fchren die Au\u00dfenluft am Verdampfer der W\u00e4rmepumpe vorbei, wobei ihr W\u00e4rme entzogen wird. Da mit fallender Au\u00dfentemperatur die Leistung der W\u00e4rmepumpe nachl\u00e4sst, unterst\u00fctzt ein Elektro-Heizstab die W\u00e4rmepumpe an den wenigen wirklich sehr kalten Tagen des Jahres.<\/p>\n<p>Luft\/Wasser-W\u00e4rmepumpen gibt es in drei charakteristischen Bauformen:<\/p>\n<ul>\n<li>Kompaktw\u00e4rmepumpen f\u00fcr die Au\u00dfenaufstellung<\/li>\n<li>Kompaktw\u00e4rmepumpen f\u00fcr die Innenaufstellung<\/li>\n<li>Splitw\u00e4rmepumpen mit einem Innen- und Au\u00dfenteil<\/li>\n<\/ul>\n<p>Die Splitger\u00e4te zum Beispiel der Firma Ochsner eignen sich \u00fcberall auch zum nachtr\u00e4glichen Einbau. Dabei ist es nicht n\u00f6tig, aufw\u00e4ndige und oft laute Luftkan\u00e4le in den Aufstellungsraum zu f\u00fchren.<\/p>\n<p><strong>Genehmigung<\/strong><\/p>\n<p>Die Nutzung der W\u00e4rmequelle Luft ist genehmigungsfrei.<\/p>\n","protected":false},"excerpt":{"rendered":"<p>W\u00e4rmequelle Luftluft-split Luft gibt es \u00fcberall. Sie kann als W\u00e4rmequelle&#8230;<\/p>\n","protected":false},"author":5,"featured_media":0,"parent":128,"menu_order":4,"comment_status":"open","ping_status":"open","template":"","meta":[],"aioseo_notices":[],"_links":{"self":[{"href":"https:\/\/www.klimakuehn.de\/index.php?rest_route=\/wp\/v2\/pages\/148"}],"collection":[{"href":"https:\/\/www.klimakuehn.de\/index.php?rest_route=\/wp\/v2\/pages"}],"about":[{"href":"https:\/\/www.klimakuehn.de\/index.php?rest_route=\/wp\/v2\/types\/page"}],"author":[{"embeddable":true,"href":"https:\/\/www.klimakuehn.de\/index.php?rest_route=\/wp\/v2\/users\/5"}],"replies":[{"embeddable":true,"href":"https:\/\/www.klimakuehn.de\/index.php?rest_route=%2Fwp%2Fv2%2Fcomments&post=148"}],"version-history":[{"count":3,"href":"https:\/\/www.klimakuehn.de\/index.php?rest_route=\/wp\/v2\/pages\/148\/revisions"}],"predecessor-version":[{"id":152,"href":"https:\/\/www.klimakuehn.de\/index.php?rest_route=\/wp\/v2\/pages\/148\/revisions\/152"}],"up":[{"embeddable":true,"href":"https:\/\/www.klimakuehn.de\/index.php?rest_route=\/wp\/v2\/pages\/128"}],"wp:attachment":[{"href":"https:\/\/www.klimakuehn.de\/index.php?rest_route=%2Fwp%2Fv2%2Fmedia&parent=148"}],"curies":[{"name":"wp","href":"https:\/\/api.w.org\/{rel}","templated":true}]}}