{"id":15,"date":"2013-10-21T17:47:52","date_gmt":"2013-10-21T15:47:52","guid":{"rendered":"http:\/\/www.klimakuehn.de\/\/?page_id=15"},"modified":"2013-11-20T10:18:49","modified_gmt":"2013-11-20T08:18:49","slug":"waermepumpen","status":"publish","type":"page","link":"https:\/\/www.klimakuehn.de\/?page_id=15","title":{"rendered":"Brauchwasser W\u00e4rmepumpe"},"content":{"rendered":"<h2>Brauchwasser oder Warmwasser-W\u00e4rmepumpe<\/h2>\n<p><img loading=\"lazy\" class=\"size-full wp-image-124 alignright\" alt=\"313\" src=\"http:\/\/www.klimakuehn.de\/\/wp-content\/uploads\/2013\/10\/313.jpg\" width=\"106\" height=\"157\" \/>Kompakte Warmwasser-W\u00e4rmepumpen werden getrennt von der Heizung betrieben und zur zentralen Warmwasserbereitung eingesetzt. Sie entziehen der Raumluft W\u00e4rme und erw\u00e4rmen so das Brauchwasser. Zus\u00e4tzlich kann die Abw\u00e4rme anderer Ger\u00e4te, z. B. Gefriertruhe, genutzt werden. Ein Vorteil der Warmwasser-W\u00e4rmepumpe ist, dass die Raumluft entfeuchtet und gek\u00fchlt wird, dadurch wird der Aufstellungsraum, z. B. Keller, trockener und k\u00fchler. Der Energieverbrauch dieser Ger\u00e4te ist sehr gering. Warmwasser-W\u00e4rmepumpen besitzen einen geschlossenen und w\u00e4rmeged\u00e4mmten Speicher (i. d. R 300 Liter Fassungsverm\u00f6gen), von dem aus mehrere Zapfstellen versorgt werden k\u00f6nnen.<\/p>\n<p><strong>Dezentrale Warmwasserbereitung<\/strong> Diese sehr rationelle M\u00f6glichkeit wird \u00fcber von der Heizung unabh\u00e4ngige, dezentrale Durchlaufheizer direkt an den Zapfstellen in K\u00fcche und Bad realisiert.<\/p>\n<p><strong>Einfache Nachr\u00fcstung bei bestehenden Brauchwasserspeichern<\/strong><\/p>\n<p><img loading=\"lazy\" class=\"size-full wp-image-125 alignleft\" alt=\"mini_n_001\" src=\"http:\/\/www.klimakuehn.de\/\/wp-content\/uploads\/2013\/10\/mini_n_001.jpg\" width=\"215\" height=\"141\" \/>Selbst wenn bereits ein Warmwasserspeicher installiert ist, welcher sonst von einem Kessel erw\u00e4rmt wird, kann in den meisten F\u00e4llen eine Brauchwasser-W\u00e4rmepumpe nachger\u00fcstet werden.<\/p>\n<p>Die OCHSNER Europa Mini kann ohne gro\u00dfen Aufwand installiert und an den Speicher angeschlossen werden. Diese kleine Brauchwasser-W\u00e4rmepumpe kann \u00fcberall als Split-Ger\u00e4t eingesetzt werden und ist \u00e4u\u00dferst g\u00fcnstig in der Anschaffung. Die integrierte Ladepumpe und der ebenfalls eingebaute Plattenw\u00e4rmetauscher sorgen f\u00fcr die notwendige &#8222;Ladung&#8220; des Speichers mit Warmwasser<\/p>\n","protected":false},"excerpt":{"rendered":"<p>Brauchwasser oder Warmwasser-W\u00e4rmepumpe Kompakte Warmwasser-W\u00e4rmepumpen werden getrennt von der Heizung&#8230;<\/p>\n","protected":false},"author":5,"featured_media":0,"parent":128,"menu_order":5,"comment_status":"open","ping_status":"closed","template":"","meta":[],"aioseo_notices":[],"_links":{"self":[{"href":"https:\/\/www.klimakuehn.de\/index.php?rest_route=\/wp\/v2\/pages\/15"}],"collection":[{"href":"https:\/\/www.klimakuehn.de\/index.php?rest_route=\/wp\/v2\/pages"}],"about":[{"href":"https:\/\/www.klimakuehn.de\/index.php?rest_route=\/wp\/v2\/types\/page"}],"author":[{"embeddable":true,"href":"https:\/\/www.klimakuehn.de\/index.php?rest_route=\/wp\/v2\/users\/5"}],"replies":[{"embeddable":true,"href":"https:\/\/www.klimakuehn.de\/index.php?rest_route=%2Fwp%2Fv2%2Fcomments&post=15"}],"version-history":[{"count":5,"href":"https:\/\/www.klimakuehn.de\/index.php?rest_route=\/wp\/v2\/pages\/15\/revisions"}],"predecessor-version":[{"id":195,"href":"https:\/\/www.klimakuehn.de\/index.php?rest_route=\/wp\/v2\/pages\/15\/revisions\/195"}],"up":[{"embeddable":true,"href":"https:\/\/www.klimakuehn.de\/index.php?rest_route=\/wp\/v2\/pages\/128"}],"wp:attachment":[{"href":"https:\/\/www.klimakuehn.de\/index.php?rest_route=%2Fwp%2Fv2%2Fmedia&parent=15"}],"curies":[{"name":"wp","href":"https:\/\/api.w.org\/{rel}","templated":true}]}}