{"id":161,"date":"2013-11-19T18:39:11","date_gmt":"2013-11-19T16:39:11","guid":{"rendered":"http:\/\/www.klimakuehn.de\/\/?page_id=161"},"modified":"2014-04-15T10:19:55","modified_gmt":"2014-04-15T08:19:55","slug":"schwimmhallenentfeuchtung","status":"publish","type":"page","link":"https:\/\/www.klimakuehn.de\/?page_id=161","title":{"rendered":"Schwimmhallenentfeuchtung"},"content":{"rendered":"<h2>Schwimmhallenentfeuchtung<\/h2>\n<p><img loading=\"lazy\" class=\"size-full wp-image-164 alignright\" alt=\"pool\" src=\"http:\/\/www.klimakuehn.de\/\/wp-content\/uploads\/2013\/11\/pool.jpg\" width=\"300\" height=\"240\" srcset=\"https:\/\/www.klimakuehn.de\/wp-content\/uploads\/2013\/11\/pool.jpg 300w, https:\/\/www.klimakuehn.de\/wp-content\/uploads\/2013\/11\/pool-285x227.jpg 285w\" sizes=\"(max-width: 300px) 100vw, 300px\" \/>Gro\u00dfe Glasfl\u00e4chen um das Haus, hohe Temperaturen, hohe Luftfeuchtigkeit. Durch die st\u00e4ndige Wasserverdunstung tritt in Schwimmhallen eine hohe relative Luftfeuchte auf. Diese Faktoren lassen selbst in gut gel\u00fcfteten Schwimmhallen die Fensterscheiben anlaufen und unter Umst\u00e4nden Schimmel entstehen. Neben einer Bauberatung im Vorfeld des Hallenbaus und sorgf\u00e4ltiger Materialwahl ist eine Hallenentfeuchtung das A und O f\u00fcr ungetr\u00fcbte Sicht und Vermeidung von Sch\u00e4den.<\/p>\n<p>K\u00fchn &amp; Schwarzer f\u00fchrt eine Entfeuchtung mit speziellen Ger\u00e4ten in Ihrem privaten Schwimmbad durch. Bitte fragen Sie unsere Servicemitarbeiter, bis zu welcher Gr\u00f6\u00dfe wir dies vornehmen.<\/p>\n","protected":false},"excerpt":{"rendered":"<p>Schwimmhallenentfeuchtung Gro\u00dfe Glasfl\u00e4chen um das Haus, hohe Temperaturen, hohe Luftfeuchtigkeit&#8230;.<\/p>\n","protected":false},"author":5,"featured_media":0,"parent":17,"menu_order":3,"comment_status":"open","ping_status":"open","template":"","meta":[],"aioseo_notices":[],"_links":{"self":[{"href":"https:\/\/www.klimakuehn.de\/index.php?rest_route=\/wp\/v2\/pages\/161"}],"collection":[{"href":"https:\/\/www.klimakuehn.de\/index.php?rest_route=\/wp\/v2\/pages"}],"about":[{"href":"https:\/\/www.klimakuehn.de\/index.php?rest_route=\/wp\/v2\/types\/page"}],"author":[{"embeddable":true,"href":"https:\/\/www.klimakuehn.de\/index.php?rest_route=\/wp\/v2\/users\/5"}],"replies":[{"embeddable":true,"href":"https:\/\/www.klimakuehn.de\/index.php?rest_route=%2Fwp%2Fv2%2Fcomments&post=161"}],"version-history":[{"count":5,"href":"https:\/\/www.klimakuehn.de\/index.php?rest_route=\/wp\/v2\/pages\/161\/revisions"}],"predecessor-version":[{"id":163,"href":"https:\/\/www.klimakuehn.de\/index.php?rest_route=\/wp\/v2\/pages\/161\/revisions\/163"}],"up":[{"embeddable":true,"href":"https:\/\/www.klimakuehn.de\/index.php?rest_route=\/wp\/v2\/pages\/17"}],"wp:attachment":[{"href":"https:\/\/www.klimakuehn.de\/index.php?rest_route=%2Fwp%2Fv2%2Fmedia&parent=161"}],"curies":[{"name":"wp","href":"https:\/\/api.w.org\/{rel}","templated":true}]}}