{"id":19,"date":"2013-10-21T17:48:22","date_gmt":"2013-10-21T15:48:22","guid":{"rendered":"http:\/\/www.klimakuehn.de\/\/?page_id=19"},"modified":"2014-04-15T09:35:16","modified_gmt":"2014-04-15T07:35:16","slug":"firmenprofil","status":"publish","type":"page","link":"https:\/\/www.klimakuehn.de\/?page_id=19","title":{"rendered":"Firmenprofil"},"content":{"rendered":"<h2>Ein eingespieltes Team mit viel Erfahrung!<\/h2>\n<p>Mit hochqualifizierten Mitarbeitern bilden wir, die Firma K\u00fchn &amp; Schwarzer GmbH, seit mehreren Jahren ein leistungsstarkes und &#8222;schlagkr\u00e4ftiges&#8220; Team, dass stets bestrebt ist, sich weiter zu entwickeln, um das Unternehmen zu Gunsten unserer Kunden immer auf dem neusten Stand zu halten.<\/p>\n<p>Wir planen und installieren ma\u00dfgeschneiderte Anlagen mit<\/p>\n<ul>\n<li>hohem Sachverstand<\/li>\n<li>Flexibilit\u00e4t<\/li>\n<li>Verl\u00e4sslichkeit und Sauberkeit<\/li>\n<li>\u00f6konomischer Weitsicht und<\/li>\n<li>budgetorientiert<\/li>\n<\/ul>\n<p>Mit diesen Voraussetzungen erreichen wir unser erstes Unternehmensziel: K u n d e n z u f r i e d e n h e i t !<\/p>\n<p>Wir verstehen uns als Partner unserer Auftraggeber und bieten alle Leistungen aus einer Hand.\u00a0 Unser Leistungsspektrum erstreckt sich \u00fcber Anlagen zur Be- und Entl\u00fcftung von R\u00e4umen, \u00fcber W\u00e4rmepumpen-Heiztechnik, bis zur kompletten Komfortklimatisierung Ihrer Wohnung oder Ihrer Gesch\u00e4ftsr\u00e4ume.<\/p>\n","protected":false},"excerpt":{"rendered":"<p>Ein eingespieltes Team mit viel Erfahrung! Mit hochqualifizierten Mitarbeitern bilden&#8230;<\/p>\n","protected":false},"author":5,"featured_media":0,"parent":0,"menu_order":0,"comment_status":"open","ping_status":"open","template":"","meta":[],"aioseo_notices":[],"_links":{"self":[{"href":"https:\/\/www.klimakuehn.de\/index.php?rest_route=\/wp\/v2\/pages\/19"}],"collection":[{"href":"https:\/\/www.klimakuehn.de\/index.php?rest_route=\/wp\/v2\/pages"}],"about":[{"href":"https:\/\/www.klimakuehn.de\/index.php?rest_route=\/wp\/v2\/types\/page"}],"author":[{"embeddable":true,"href":"https:\/\/www.klimakuehn.de\/index.php?rest_route=\/wp\/v2\/users\/5"}],"replies":[{"embeddable":true,"href":"https:\/\/www.klimakuehn.de\/index.php?rest_route=%2Fwp%2Fv2%2Fcomments&post=19"}],"version-history":[{"count":4,"href":"https:\/\/www.klimakuehn.de\/index.php?rest_route=\/wp\/v2\/pages\/19\/revisions"}],"predecessor-version":[{"id":166,"href":"https:\/\/www.klimakuehn.de\/index.php?rest_route=\/wp\/v2\/pages\/19\/revisions\/166"}],"wp:attachment":[{"href":"https:\/\/www.klimakuehn.de\/index.php?rest_route=%2Fwp%2Fv2%2Fmedia&parent=19"}],"curies":[{"name":"wp","href":"https:\/\/api.w.org\/{rel}","templated":true}]}}