{"id":2,"date":"2013-10-21T14:54:01","date_gmt":"2013-10-21T12:54:01","guid":{"rendered":"http:\/\/www.klimakuehn.de\/\/?page_id=2"},"modified":"2016-06-29T21:16:42","modified_gmt":"2016-06-29T19:16:42","slug":"home","status":"publish","type":"page","link":"https:\/\/www.klimakuehn.de\/","title":{"rendered":"Home"},"content":{"rendered":"<div class=\"half\"><p>\n<p>Wir freuen uns, dass Sie den &#8222;Weg&#8220; zu uns gefunden haben. Wir m\u00f6chten Sie hier ein wenig \u00fcber unser Leistungsangebot informieren, und dar\u00fcber hinaus finden Sie bei uns diverse Informationen zu den Themen Klimatechnik und W\u00e4rmepumpenanlagen.<\/p>\n<p>Die Firma K\u00fchn &amp; Schwarzer GmbH steht seit Jahren f\u00fcr Qualit\u00e4t, Verl\u00e4sslichkeit und h\u00f6chste Professionalit\u00e4t in allen Bereichen der Klimatisierung, Be- und Entl\u00fcftung sowie Elektrotechnik.<\/p>\n<p>Unser Firmensitz befindet sich in Berlin, was uns aber nicht daran hindert auch \u00fcberregional und international f\u00fcr Sie t\u00e4tig zu sein. <\/p><\/div>\n<div class=\"half\"><p>\n<p>Unsere Arbeiten f\u00fchren wir gleicherma\u00dfen im gewerblichen und auch im privaten Bereich durch.\u00a0Sollten Sie sich f\u00fcr unsere Leistungen in den Bereichen Klimatechnik oder W\u00e4rmepumpenanlagen interessieren, z\u00f6gern Sie bitte nicht uns zu kontaktieren, damit wir Ihnen unser Angebot n\u00e4her bringen k\u00f6nnen!<\/p>\n<p>Rufen Sie uns einfach an, schicken Sie uns ein Mail oder verwenden Sie das <a title=\"Kontakt\" href=\"http:\/\/www.klimakuehn.de\/kontakt\/\">Kontaktformular<\/a> aus dem Men\u00fc!<\/p>\n<p>Mit freundlichen Gr\u00fc\u00dfen,<\/p>\n<p><strong><em>Ralph K\u00fchn &amp; Sein Team<\/em><\/strong><\/p>\n<\/p><\/div>\n<p>&nbsp;<\/p>\n","protected":false},"excerpt":{"rendered":"<p>&nbsp;<\/p>\n","protected":false},"author":5,"featured_media":0,"parent":0,"menu_order":0,"comment_status":"closed","ping_status":"closed","template":"template-home2.php","meta":[],"aioseo_notices":[],"_links":{"self":[{"href":"https:\/\/www.klimakuehn.de\/index.php?rest_route=\/wp\/v2\/pages\/2"}],"collection":[{"href":"https:\/\/www.klimakuehn.de\/index.php?rest_route=\/wp\/v2\/pages"}],"about":[{"href":"https:\/\/www.klimakuehn.de\/index.php?rest_route=\/wp\/v2\/types\/page"}],"author":[{"embeddable":true,"href":"https:\/\/www.klimakuehn.de\/index.php?rest_route=\/wp\/v2\/users\/5"}],"replies":[{"embeddable":true,"href":"https:\/\/www.klimakuehn.de\/index.php?rest_route=%2Fwp%2Fv2%2Fcomments&post=2"}],"version-history":[{"count":6,"href":"https:\/\/www.klimakuehn.de\/index.php?rest_route=\/wp\/v2\/pages\/2\/revisions"}],"predecessor-version":[{"id":501,"href":"https:\/\/www.klimakuehn.de\/index.php?rest_route=\/wp\/v2\/pages\/2\/revisions\/501"}],"wp:attachment":[{"href":"https:\/\/www.klimakuehn.de\/index.php?rest_route=%2Fwp%2Fv2%2Fmedia&parent=2"}],"curies":[{"name":"wp","href":"https:\/\/api.w.org\/{rel}","templated":true}]}}