{"id":21,"date":"2013-10-21T17:48:33","date_gmt":"2013-10-21T15:48:33","guid":{"rendered":"http:\/\/www.klimakuehn.de\/\/?page_id=21"},"modified":"2020-01-27T16:07:49","modified_gmt":"2020-01-27T14:07:49","slug":"referenzen","status":"publish","type":"page","link":"https:\/\/www.klimakuehn.de\/?page_id=21","title":{"rendered":"Referenzen"},"content":{"rendered":"<p>Auszug aus unserer Referenzliste:<\/p>\n<p><strong>Inland<\/strong><\/p>\n<ul>\n<li>Abacus Apotheke Berlin<\/li>\n<li>Anna-Apotheke im ACC Chemnitz<\/li>\n<li>Apotheke im Havelpark Dallgow<\/li>\n<li>Apotheke am Mehringdamm Berlin<\/li>\n<li>Apotheke am Moritzplatz Berlin<\/li>\n<li>Apotheke am Nollendorfplatz Berlin<\/li>\n<li>Apotheke am Schlesischen Tor Berlin<\/li>\n<li>Apotheke am Tierpark Berlin<\/li>\n<li>Apotheke am Winterfeldplatz Berlin<\/li>\n<li>Apotheke an der Oper Berlin<\/li>\n<li>Apotheke im Wegedornzentrum Berlin<\/li>\n<li>Apotheke 26 Berlin<\/li>\n<li>Berliner Apothekenverein<\/li>\n<li>BEZIRKSapotheke Rathausstrasse<\/li>\n<li>Br\u00fccken-Apotheke Wernigerode<\/li>\n<li>Die Apotheke am Bahnhof Spandau Berlin<\/li>\n<li>Apotheke Berlin Spandau<\/li>\n<li>Linden-Apotheke Berlin<\/li>\n<li>Maulbeer Apotheke Erkner<\/li>\n<li>M\u00e4rkische Apotheke Berlin<\/li>\n<li>MediosApotheke an der Charite<\/li>\n<li>MediosApotheke Hackescher Markt<\/li>\n<li>MediosApotheke Pankow<\/li>\n<li>MediosApotheke Oranienburger Tor<\/li>\n<li>Nibelungen Apotheke Berlin<\/li>\n<li>Opernviertel-Apotheke Berlin<\/li>\n<li>Park-Apotheke Berlin<\/li>\n<li>Regenbogen Apotheke Berlin<\/li>\n<li>Sonnen Apotheke im \u00c4rztehaus Neuruppin<\/li>\n<li>Tulpen-Apotheke am Holl\u00e4ndischen Viertel Potsdam<\/li>\n<li>Waage Apotheke Berlin<\/li>\n<\/ul>\n<p><strong>Allgemein<\/strong><\/p>\n<ul>\n<li>ALBA Berlin<\/li>\n<li>A&amp;O Hostel<\/li>\n<li>ARRI Film &amp; TV Service GmbH<\/li>\n<li>Auto Zellmann GmbH<\/li>\n<li>Automobilforum KADEA GmbH<\/li>\n<li>Backoffice SX GmbH<\/li>\n<li>Bahlsen GmbH<\/li>\n<li>Berliner Union Film GmbH<\/li>\n<li>BUCHERER Deutschalnd GmbH<\/li>\n<li>Buffalo Boots GmbH<\/li>\n<li>Bundesverwaltungsamt Berlin<\/li>\n<li>Bursche Brillen &#8211; Berliner Allee 51<\/li>\n<li>Bursche Brillen &#8211; Forum K\u00f6penick<\/li>\n<li>Bursche Brillen &#8211; Rheinhardtstrasse 10<\/li>\n<li>Computer Manufaktur GmbH<\/li>\n<li>DEFA-Stiftung<\/li>\n<li>DEF Media GmbH<\/li>\n<li>Dentinox Gesellschaft f. pharmazeutische Pr\u00e4parate<\/li>\n<li>Deutsche Binnenreederei AG<\/li>\n<li>expert Hicke + H\u00f6ppner OHG<\/li>\n<li>FAPACK Verpackungsmittel<\/li>\n<li>FMB Fein &#8211; und Me\u00dftechnik GmbH<\/li>\n<li>Freaks 4U Gaming GmbH<\/li>\n<li>Geisler Anh\u00e4nger-und Ladenbau GmbH<\/li>\n<li>Hildebrandt &amp; Bartsch GmbH &amp; Co. KG<\/li>\n<li>Hotel Helenhof &#8211; Tietzow<\/li>\n<li>lnnova Handelshaus GmbH<\/li>\n<li>Inter Audio GmbH<\/li>\n<li>Interopa Film GmbH<\/li>\n<li>Items Studio f\u00fcr qualitative Marktforschung Berlin GmbH<\/li>\n<li>Jack &amp; Jones Hamburg<\/li>\n<li>Jonas &amp; Redmann Group GmbH<\/li>\n<li>Kind H\u00f6rgerate<\/li>\n<li>Klaus Porath GmbH &amp; Co. Verwaltungs KG<\/li>\n<li>Lebenswelten<\/li>\n<li>Magazzino Outfit &amp; Interior August Spangenberg e.K.<\/li>\n<li>MaxBet Sport Events GmbH<\/li>\n<li>mediosmanagement GmbH<\/li>\n<li>Mrs. Sporty<\/li>\n<li>Nobelhart &amp; Schmutzig &#8211; Speiselokal<\/li>\n<li>Oxfam Deutschland Shops GmbH<\/li>\n<li>Papeterie-Berlin<\/li>\n<li>Pierre Fabre Dermo-Kosmetik GmbH<\/li>\n<li>Praxair Deutschland GmbH<\/li>\n<li>Prime Time Theater Berlin<\/li>\n<li>Rothkirch Cartoon-Film GmbH<\/li>\n<li>SalzDom<\/li>\n<li>Schmiedl Marktforschung GmbH Berlin<\/li>\n<li>Schr\u00f6der &amp; Partner &#8211; Steuerberater und Rechtsanw\u00e4lte<\/li>\n<li>Senatsverwaltung f\u00fcr Gesundheit &amp; Soziales<\/li>\n<li>Staatliche M\u00fcnze Berlin<\/li>\n<li>ThyssenKrupp Plastics GmbH<\/li>\n<li>TopTarif Internet GmbH<\/li>\n<li>TRINAVIS GmbH &amp; Co.KG &#8211; Cicerostrasse 2<\/li>\n<li>Universit\u00e4t der K\u00fcnste Berlin<\/li>\n<li>Verka &#8211; Kirchliche Pensionskasse Berlin<\/li>\n<li>Versicherungshaus Ballwanz Berlin<\/li>\n<li>VW Tradeport Center Wildau<\/li>\n<li>Wagemann + Partner PartG mbH<\/li>\n<li>Wessling GmbH<\/li>\n<li>Wiesenhof Gefl\u00fcgel M\u00f6ckern GmbH<\/li>\n<li>Yoli Frazen Yogurt<\/li>\n<\/ul>\n<p><strong>Arztpraxen<\/strong><\/p>\n<ul>\n<li>Adentics Kieferorthop\u00e4die &#8211; Bahnhofstrasse 4<\/li>\n<li>Adentics Kieferorthopadie &#8211; Goltzstrasse 39<\/li>\n<li>Adentics Kieferorthopadie &#8211; Leipziger Platz 7<\/li>\n<li>Ambulantes TherapieCenter\u00a0Alt &#8211; Rudow GmbH<\/li>\n<li>Dr. Hasert &#8211; Friedrichstr. 113a<\/li>\n<li>Dr. Herder &#8211; Sophie-Charlottenstr. 65\/66<\/li>\n<li>Dr. med. Bandmann &#8211; Otto-Suhr-AIIee 143<\/li>\n<li>Dr. med. Georgi &#8211; Prenzlauer Allee 90<\/li>\n<li>Dr. med. Henze \/ Dr. med. Weingarten &#8211; Tauentzienstr. 1<\/li>\n<li>Dr. med. Kr\u00fcger &#8211; Potsdamer Str. 132<\/li>\n<li>Dr. Nu\u00dfbaum &#8211; Bahnhofstrasse 23<\/li>\n<li>Dr. Rothhaar &#8211; B\u00fclowstr. 23<\/li>\n<li>Dr. Wolke-Sparmann, Dr. Schaser &#8211; Karlsbader Str. 18<\/li>\n<li>Gemeinschaftspraxis f\u00fcr Orthop\u00e4die Alt-Rudow 29A<\/li>\n<li>Klinik Sanssouci Potsdam GmbH &amp; Co. KG<\/li>\n<li>SANA Gesundheitszentrum Berlin<\/li>\n<li>Tagesklinik am Holl\u00e4ndischen Viertel Zentrum f\u00fcr ambulante Operationen in Potsdam<\/li>\n<li>Tierarztpraxis Lenk &#8211;\u00a0Sch\u00f6nflie\u00dfer Stra\u00dfe 1<\/li>\n<li>Vertebral Wirbels\u00e4ulenzentrum &#8211;\u00a0Hauptstrasse 117<\/li>\n<li>Zahnarzt Sorin &#8211; Egon-Erwin-Kirsch-Str. 32<\/li>\n<li>Zahnarztpraxis Diedrich &#8211; Prenzlauer Allee 90<\/li>\n<li>Zahnarztpraxis Sabine Jung &#8211; Breite Str. 37<\/li>\n<li>Zahn\u00e4rzte Pagel &#8211; Oranienburgerstr. 221<\/li>\n<li>Zahn\u00e4rzte Dr. Clemm &#8211; Hohenzollerdamm 110A<\/li>\n<li>Zahn\u00e4rzte Schicks &#8211; Friedensfelder Str. 15<\/li>\n<li>Zahn\u00e4rztin Dr. Radtke &#8211; Reichsstrasse 99<\/li>\n<li>Zahn\u00e4rztin Schmargon &#8211; Sch\u00f6nhauser Allee 5<\/li>\n<\/ul>\n<p><strong>Ausland<\/strong><\/p>\n<ul>\n<li>Nokia Italien<\/li>\n<li>SalzDom Wien<\/li>\n<li>Tommy Hilfiger Kopenhagen<\/li>\n<li>Vero Moda D\u00e4nemark<\/li>\n<li>Vero Moda Niederlande<\/li>\n<\/ul>\n<p>Alle Logos sind \u00a9 der jeweiligen Firma.<\/p>\n","protected":false},"excerpt":{"rendered":"<p>Auszug aus unserer Referenzliste: Inland Abacus Apotheke Berlin Anna-Apotheke im&#8230;<\/p>\n","protected":false},"author":5,"featured_media":0,"parent":0,"menu_order":0,"comment_status":"closed","ping_status":"closed","template":"","meta":[],"aioseo_notices":[],"_links":{"self":[{"href":"https:\/\/www.klimakuehn.de\/index.php?rest_route=\/wp\/v2\/pages\/21"}],"collection":[{"href":"https:\/\/www.klimakuehn.de\/index.php?rest_route=\/wp\/v2\/pages"}],"about":[{"href":"https:\/\/www.klimakuehn.de\/index.php?rest_route=\/wp\/v2\/types\/page"}],"author":[{"embeddable":true,"href":"https:\/\/www.klimakuehn.de\/index.php?rest_route=\/wp\/v2\/users\/5"}],"replies":[{"embeddable":true,"href":"https:\/\/www.klimakuehn.de\/index.php?rest_route=%2Fwp%2Fv2%2Fcomments&post=21"}],"version-history":[{"count":10,"href":"https:\/\/www.klimakuehn.de\/index.php?rest_route=\/wp\/v2\/pages\/21\/revisions"}],"predecessor-version":[{"id":521,"href":"https:\/\/www.klimakuehn.de\/index.php?rest_route=\/wp\/v2\/pages\/21\/revisions\/521"}],"wp:attachment":[{"href":"https:\/\/www.klimakuehn.de\/index.php?rest_route=%2Fwp%2Fv2%2Fmedia&parent=21"}],"curies":[{"name":"wp","href":"https:\/\/api.w.org\/{rel}","templated":true}]}}