{"id":350,"date":"2014-04-25T13:46:16","date_gmt":"2014-04-25T11:46:16","guid":{"rendered":"http:\/\/www.klimakuehn.de\/?page_id=350"},"modified":"2014-04-30T12:04:58","modified_gmt":"2014-04-30T10:04:58","slug":"unterdeckengeraete","status":"publish","type":"page","link":"https:\/\/www.klimakuehn.de\/?page_id=350","title":{"rendered":"Unterdeckenger\u00e4te"},"content":{"rendered":"<p><img loading=\"lazy\" class=\"alignright size-medium wp-image-313\" src=\"http:\/\/www.klimakuehn.de\/wp-content\/uploads\/2013\/11\/MHI_KX6_FDE-300x134.jpg\" alt=\"MHI_KX6_FDE\" width=\"300\" height=\"134\" srcset=\"https:\/\/www.klimakuehn.de\/wp-content\/uploads\/2013\/11\/MHI_KX6_FDE-300x134.jpg 300w, https:\/\/www.klimakuehn.de\/wp-content\/uploads\/2013\/11\/MHI_KX6_FDE.jpg 894w\" sizes=\"(max-width: 300px) 100vw, 300px\" \/><\/p>\n<ul>\n<li>Hohe Wurfweiten<\/li>\n<li>Kompakte und leicht zu installierende Ger\u00e4te, ideal f\u00fcr die Nachr\u00fcstung<\/li>\n<\/ul>\n","protected":false},"excerpt":{"rendered":"<p>Hohe Wurfweiten Kompakte und leicht zu installierende Ger\u00e4te, ideal f\u00fcr&#8230;<\/p>\n","protected":false},"author":5,"featured_media":0,"parent":5,"menu_order":0,"comment_status":"open","ping_status":"open","template":"","meta":[],"aioseo_notices":[],"_links":{"self":[{"href":"https:\/\/www.klimakuehn.de\/index.php?rest_route=\/wp\/v2\/pages\/350"}],"collection":[{"href":"https:\/\/www.klimakuehn.de\/index.php?rest_route=\/wp\/v2\/pages"}],"about":[{"href":"https:\/\/www.klimakuehn.de\/index.php?rest_route=\/wp\/v2\/types\/page"}],"author":[{"embeddable":true,"href":"https:\/\/www.klimakuehn.de\/index.php?rest_route=\/wp\/v2\/users\/5"}],"replies":[{"embeddable":true,"href":"https:\/\/www.klimakuehn.de\/index.php?rest_route=%2Fwp%2Fv2%2Fcomments&post=350"}],"version-history":[{"count":5,"href":"https:\/\/www.klimakuehn.de\/index.php?rest_route=\/wp\/v2\/pages\/350\/revisions"}],"predecessor-version":[{"id":367,"href":"https:\/\/www.klimakuehn.de\/index.php?rest_route=\/wp\/v2\/pages\/350\/revisions\/367"}],"up":[{"embeddable":true,"href":"https:\/\/www.klimakuehn.de\/index.php?rest_route=\/wp\/v2\/pages\/5"}],"wp:attachment":[{"href":"https:\/\/www.klimakuehn.de\/index.php?rest_route=%2Fwp%2Fv2%2Fmedia&parent=350"}],"curies":[{"name":"wp","href":"https:\/\/api.w.org\/{rel}","templated":true}]}}