{"id":5,"date":"2013-10-21T17:01:16","date_gmt":"2013-10-21T15:01:16","guid":{"rendered":"http:\/\/www.klimakuehn.de\/\/?page_id=5"},"modified":"2014-04-11T09:14:06","modified_gmt":"2014-04-11T07:14:06","slug":"klimaanlagen","status":"publish","type":"page","link":"https:\/\/www.klimakuehn.de\/?page_id=5","title":{"rendered":"Klimaanlagen"},"content":{"rendered":"<h2>Klimaanlagen<\/h2>\n<p><img loading=\"lazy\" class=\"wp-image-80 alignleft\" alt=\"split\" src=\"http:\/\/www.klimakuehn.de\/\/wp-content\/uploads\/2013\/10\/split.jpg\" width=\"220\" height=\"168\" srcset=\"https:\/\/www.klimakuehn.de\/wp-content\/uploads\/2013\/10\/split.jpg 314w, https:\/\/www.klimakuehn.de\/wp-content\/uploads\/2013\/10\/split-300x229.jpg 300w\" sizes=\"(max-width: 220px) 100vw, 220px\" \/>Eine Klimaanlage kennen die meisten oft schon aus dem Auto, die Funktionsweise dieser Klimager\u00e4te ist vielen aber bisher nicht bekannt.<br \/>\nDie Funktionsweise eines Klimager\u00e4ts gleicht der eines K\u00fchlschranks. Die W\u00e4rme wird einem Raum durch ein K\u00e4ltemittel entzogen. Bei modernen Klimager\u00e4ten wird diese W\u00e4rme \u00fcber ein Au\u00dfenger\u00e4t abgef\u00fchrt. Das Au\u00dfenger\u00e4t l\u00e4sst schon darauf schlie\u00dfen, dass es sich au\u00dferhalb des zu klimatisierenden Raumes liegt. Verbunden sind Innen- und Au\u00dfenger\u00e4t \u00fcber den so genannten K\u00e4ltemittelkreislauf, ein geschlossener Kreislauf. Die gew\u00fcnschte Raumtemperatur wird durch das Klimager\u00e4t mithilfe von Sensoren gehalten. Auch die Luftfeuchtigkeit kann mit bestimmten Klimaanlagen reguliert werden.<\/p>\n<p>Beim Kauf einer Klimaanlage ist neben K\u00e4lteleistung, Schalldruckpegel und Energieeffizienzklasse auch interessant welche Zusatzoptionen die Klimaanlage bietet. Zum Beispiel w\u00e4ren das die Leistungsregulierung per Inverter-Technologie oder eine integrierte W\u00e4rmepumpenfunktion.<\/p>\n<p>Der Wert Energieeffizienzklasse, auch bekannt von Waschmaschinen und W\u00e4schetrocknern, gibt an mit welchem Wirkungsgrad das Klimager\u00e4t Strom in K\u00e4lte umwandelt. Der beste Wert der Energieeffizienzklasse ist die Klasse A, die Unterteilung ist in die Klassen A-G aufgeteilt. Ein Klimager\u00e4t mit der Energieeffizienzklasse A verbraucht weniger Strom um eine bestimmte K\u00fchlung zu erzielen und arbeitet somit \u00f6konomischer als eine Klimaanlage mit der Klasse G. Wir verwenden im \u00fcbrigen nur Ger\u00e4te der Klasse A.<\/p>\n<p>Der Einbau einer Klimaanlage ist in verschiedenen Modellen realisierbar. Zum Beispiel w\u00e4ren das Wandger\u00e4te oder Deckenger\u00e4te.<\/p>\n<h3>Inverter<\/h3>\n<p><img loading=\"lazy\" class=\"size-full wp-image-77 alignright\" alt=\"leistung\" src=\"http:\/\/www.klimakuehn.de\/\/wp-content\/uploads\/2013\/10\/leistung.gif\" width=\"141\" height=\"109\" \/><br \/>\nEin Inverter ist eine Art Leistungsanpassungsschaltung, die auf elektronischem Wege die Spannung, den Strom und die Frequenz eines elektrischen Ger\u00e4tes regelt. In einem Inverter-Klimager\u00e4t steuert diese Schaltung die Drehzahl des Verdichters und somit auch die Leistung des Klimager\u00e4tes. Eine Erh\u00f6hung der Frequenz erh\u00f6ht die Leistung, eine Verringerung senkt sie. Auf diese Weise sind Inverter-Klimager\u00e4te in der Lage, die Temperatur wesentlich pr\u00e4ziser zu regeln als Ger\u00e4te ohne Inverter.<\/p>\n<p>Daraus ergeben sich diverse Pluspunkte:<a href=\"http:\/\/www.klimakuehn.de\/\/wp-content\/uploads\/2013\/10\/geld.gif\"><img loading=\"lazy\" class=\"size-full wp-image-78 alignright\" alt=\"geld\" src=\"http:\/\/www.klimakuehn.de\/\/wp-content\/uploads\/2013\/10\/geld.gif\" width=\"174\" height=\"114\" \/><\/a><\/p>\n<ul>\n<li>Ein Klimager\u00e4t mit Inverter ben\u00f6tigt nur halb so viel Strom wie- Nicht-Inverter-Modelle<\/li>\n<li>Ein Inverter-Klimager\u00e4t verf\u00fcgt \u00fcber eine etwa 60% gr\u00f6\u00dfere Heizleistung, als Ger\u00e4te, die mit konstanter Drehzahl arbeiten<\/li>\n<li>Die Verdichter-Drehzahl, und damit die Leistung, wird bei Inverter-Ger\u00e4ten st\u00e4ndig genau an die Raumtemperatur angepasst, so dass die Temperatur st\u00e4ndig konstant gehalten wird<\/li>\n<li>\u00a0Inverter-Klimager\u00e4te sind sehr leistungsstark. Sie heizen bzw. k\u00fchlen einen Raum in der H\u00e4lfte der Zeit, die ein Modell mit konstanter Drehzahl ben\u00f6tigen w\u00fcrde<\/li>\n<\/ul>\n<p>Wir verwenden fast ausschlie\u00dflich Inverter-Klimager\u00e4te, und bauen Nicht-Inverter-Modelle nur auf Wunsch ein. Die Gr\u00fcnde daf\u00fcr liegen auf der Hand und k\u00f6nnen Ihnen auf Wunsch gern noch einmal in einem Gespr\u00e4ch mit unseren Klimaprofis n\u00e4her gebracht werden.<\/p>\n<h3>Sonstige Ger\u00e4te<\/h3>\n<p>Es gibt nat\u00fcrlich auch sogenannte Standger\u00e4te oder mobile Ger\u00e4te, wie Sie diese aus dem Baumarkt kennen. Bei uns kommen diese Ger\u00e4te nat\u00fcrlich nicht zum Einsatz und Sie k\u00f6nnen diese auch nicht bei uns erwerben. Fest installierte Raumklimager\u00e4te arbeiten also energieeffizient, zugluftfrei, fl\u00fcsterleise und erm\u00f6glichen somit ein optimales Raumklima. Mobile Klein-Klimager\u00e4te hingegen k\u00f6nnen diese Vorteile nicht bieten. Diese Ger\u00e4te haben einen sehr hohen Stromverbrauch und sind wenig effektiv. Sollten Sie Fragen dazu haben, wenden Sie sich vertrauensvoll an uns. Unsere Mitarbeiter beraten Sie gern.<\/p>\n<h3>Wissenswertes<\/h3>\n<ul>\n<li>Eine Vollklimaanlage muss sieben Faktoren erf\u00fcllen: Befeuchten, Entfeuchten, K\u00fchlen, Heizen, Bel\u00fcften, Entl\u00fcften, Filtern.<img loading=\"lazy\" class=\"size-full wp-image-79 alignright\" alt=\"carrier\" src=\"http:\/\/www.klimakuehn.de\/\/wp-content\/uploads\/2013\/10\/carrier.gif\" width=\"108\" height=\"149\" \/><\/li>\n<li>Ein f\u00fcr den Menschen angenehmes Raumklima hat eine Temperatur von ca. 23 \u00b0C und ca. 50 % r.L.<\/li>\n<li>Bei etwa 20 \u00b0C ist der Mensch zu 100 % leistungsf\u00e4hig. Bei 28 \u00b0C sinkt die Leistungsf\u00e4higkeit auf 70 % und bei 33 \u00b0C auf 50 %. An B\u00fcroarbeitspl\u00e4tzen sollte die Temperatur 26 \u00b0C nicht \u00fcbersteigen.<\/li>\n<li>Die moderne Klimaanlage wird 1902 durch Willis Carrier erfunden und wurde erstmals 1922 in einem Theater in Los Angeles eingebaut. 1928 folgten weitere im Parlementenhaus und im Senat der USA.<\/li>\n<li>Schlecht gewartete Systeme k\u00f6nnen Bakterien, Schimmelpilze und Mikroorganismen verbreiten. Ein bekannter Fall f\u00fchrte zur Entdeckung der Legion\u00e4rskrankheit.<\/li>\n<li>&#8222;Eine Klimaanlage ist eine Einrichtung, die es dir erlaubt, dich nicht nur im Winter zu erk\u00e4lten.&#8220; Zitat von Hemmingway<\/li>\n<li>Die gr\u00f6\u00dfte Klimaanlage der Welt steht in Wien und wird zum Testen von Z\u00fcgen und Bahnen verwendet. Es k\u00f6nnen Temperaturen von -60 \u00b0C wie in Sibirien simuliert werden. Herzst\u00fcck ist eine 7 Meter hohe\u00a0 Turbine mit \u00fcber 5 Megawatt (5.000.000 Watt) Nennleistung, 500 Umdrehungen pro Minute, die ca. 1000 Kubikmeter Luft pro Sekunde bef\u00f6rdern kann.<\/li>\n<\/ul>\n","protected":false},"excerpt":{"rendered":"<p>Klimaanlagen Eine Klimaanlage kennen die meisten oft schon aus dem&#8230;<\/p>\n","protected":false},"author":5,"featured_media":0,"parent":0,"menu_order":0,"comment_status":"open","ping_status":"open","template":"","meta":[],"aioseo_notices":[],"_links":{"self":[{"href":"https:\/\/www.klimakuehn.de\/index.php?rest_route=\/wp\/v2\/pages\/5"}],"collection":[{"href":"https:\/\/www.klimakuehn.de\/index.php?rest_route=\/wp\/v2\/pages"}],"about":[{"href":"https:\/\/www.klimakuehn.de\/index.php?rest_route=\/wp\/v2\/types\/page"}],"author":[{"embeddable":true,"href":"https:\/\/www.klimakuehn.de\/index.php?rest_route=\/wp\/v2\/users\/5"}],"replies":[{"embeddable":true,"href":"https:\/\/www.klimakuehn.de\/index.php?rest_route=%2Fwp%2Fv2%2Fcomments&post=5"}],"version-history":[{"count":6,"href":"https:\/\/www.klimakuehn.de\/index.php?rest_route=\/wp\/v2\/pages\/5\/revisions"}],"predecessor-version":[{"id":253,"href":"https:\/\/www.klimakuehn.de\/index.php?rest_route=\/wp\/v2\/pages\/5\/revisions\/253"}],"wp:attachment":[{"href":"https:\/\/www.klimakuehn.de\/index.php?rest_route=%2Fwp%2Fv2%2Fmedia&parent=5"}],"curies":[{"name":"wp","href":"https:\/\/api.w.org\/{rel}","templated":true}]}}